{"id":26,"date":"2025-09-02T09:35:33","date_gmt":"2025-09-02T07:35:33","guid":{"rendered":"https:\/\/www.bamcoach.se\/faq\/"},"modified":"2025-09-27T19:36:24","modified_gmt":"2025-09-27T17:36:24","slug":"faq","status":"publish","type":"page","link":"https:\/\/bamcoach.se\/sv\/faq\/","title":{"rendered":"FAQ"},"content":{"rendered":"\n<div class=\"wp-block-group alignfull has-background-background-color has-background has-global-padding is-layout-constrained wp-container-core-group-is-layout-7276a2bb wp-block-group-is-layout-constrained\" id=\"vanliga-fragor\" style=\"margin-top:0;margin-bottom:0;padding-top:var(--wp--preset--spacing--60);padding-right:var(--wp--preset--spacing--30);padding-bottom:var(--wp--preset--spacing--60);padding-left:var(--wp--preset--spacing--30)\">\n<div class=\"wp-block-columns alignwide is-layout-flex wp-container-core-columns-is-layout-714d85e9 wp-block-columns-is-layout-flex\">\n<div class=\"wp-block-column is-layout-flow wp-block-column-is-layout-flow\" style=\"flex-basis:33.33%\">\n<h2 class=\"wp-block-heading\">Trygg els\u00e4kerhet f\u00f6r byggsektorns utmaningar<\/h2>\n\n\n\n<p style=\"margin-top:16px\">H\u00e4r besvarar vi vanliga fr\u00e5gor f\u00f6r att underl\u00e4tta f\u00f6r dig som arbetar med byggarbetsmilj\u00f6 och els\u00e4kerhet.<\/p>\n<\/div>\n\n\n\n<div class=\"wp-block-column is-layout-flow wp-container-core-column-is-layout-f5bb311e wp-block-column-is-layout-flow\" style=\"flex-basis:66.66%\">\n<div class=\"wp-block-group has-tertiary-background-color has-background is-layout-flow wp-block-group-is-layout-flow\" style=\"border-radius:1rem;padding-top:var(--wp--preset--spacing--30);padding-right:var(--wp--preset--spacing--30);padding-bottom:var(--wp--preset--spacing--30);padding-left:var(--wp--preset--spacing--30)\">\n<h3 class=\"wp-block-heading has-medium-font-size\">Vilka tj\u00e4nster erbjuder BAM Coach inom byggarbetsmilj\u00f6?<\/h3>\n\n\n\n<p class=\"has-small-font-size\" style=\"margin-top:12px\">Vi erbjuder expertst\u00f6d och r\u00e5dgivning f\u00f6r att s\u00e4kerst\u00e4lla en s\u00e4ker och laglig arbetsmilj\u00f6 p\u00e5 byggplatsen.<\/p>\n<\/div>\n\n\n\n<div class=\"wp-block-group has-tertiary-background-color has-background is-layout-flow wp-block-group-is-layout-flow\" style=\"border-radius:1rem;padding-top:var(--wp--preset--spacing--30);padding-right:var(--wp--preset--spacing--30);padding-bottom:var(--wp--preset--spacing--30);padding-left:var(--wp--preset--spacing--30)\">\n<h4 class=\"wp-block-heading has-medium-font-size\">Hur kan BAM Coach hj\u00e4lpa till med els\u00e4kerheten p\u00e5 byggprojekt?<\/h4>\n\n\n\n<p class=\"has-small-font-size\" style=\"margin-top:12px\">Vi hj\u00e4lper till med riskbed\u00f6mningar, utbildningar och implementering av els\u00e4kerhetsrutiner.<\/p>\n<\/div>\n\n\n\n<div class=\"wp-block-group has-tertiary-background-color has-background is-layout-flow wp-block-group-is-layout-flow\" style=\"border-radius:1rem;padding-top:var(--wp--preset--spacing--30);padding-right:var(--wp--preset--spacing--30);padding-bottom:var(--wp--preset--spacing--30);padding-left:var(--wp--preset--spacing--30)\">\n<h4 class=\"wp-block-heading has-medium-font-size\">Vilka \u00e4r era m\u00e5lgrupper f\u00f6r konsulttj\u00e4nsterna?<\/h4>\n\n\n\n<p class=\"has-small-font-size\" style=\"margin-top:12px\">Vi riktar oss fr\u00e4mst till byggherrar och ansvariga inom byggsektorn som beh\u00f6ver st\u00f6d i arbetsmilj\u00f6- och els\u00e4kerhetsfr\u00e5gor.<\/p>\n<\/div>\n\n\n\n<div class=\"wp-block-group has-tertiary-background-color has-background is-layout-flow wp-block-group-is-layout-flow\" style=\"border-radius:1rem;padding-top:var(--wp--preset--spacing--30);padding-right:var(--wp--preset--spacing--30);padding-bottom:var(--wp--preset--spacing--30);padding-left:var(--wp--preset--spacing--30)\">\n<h4 class=\"wp-block-heading has-medium-font-size\">Hur kan jag boka en konsultation med BAM Coach?<\/h4>\n\n\n\n<p class=\"has-small-font-size\" style=\"margin-top:12px\">Kontakta oss via v\u00e5r hemsida eller telefon f\u00f6r att boka en tid f\u00f6r r\u00e5dgivning och st\u00f6d.<\/p>\n<\/div>\n<\/div>\n<\/div>\n<\/div>\n\n<div class=\"wp-block-group alignfull has-tertiary-background-color has-background has-global-padding is-layout-constrained wp-container-core-group-is-layout-68d5e5bb wp-block-group-is-layout-constrained\" id=\"om\" style=\"margin-top:0;margin-bottom:0;padding-top:var(--wp--preset--spacing--50);padding-right:var(--wp--preset--spacing--30);padding-bottom:var(--wp--preset--spacing--60);padding-left:var(--wp--preset--spacing--30)\">\n<div class=\"wp-block-group alignwide has-global-padding is-content-justification-center is-layout-constrained wp-block-group-is-layout-constrained\">\n<h2 class=\"wp-block-heading has-text-align-center\">Expertst\u00f6d f\u00f6r byggarbetsmilj\u00f6 och els\u00e4kerhet<\/h2>\n\n\n\n<p class=\"has-text-align-center has-medium-font-size\" style=\"margin-top:16px\">H\u00e4r hittar du svar p\u00e5 vanliga fr\u00e5gor om v\u00e5ra tj\u00e4nster inom byggarbetsmilj\u00f6 och els\u00e4kerhet, anpassade f\u00f6r byggherrar och ansvariga i byggbranschen.<\/p>\n<\/div>\n\n\n\n<div class=\"wp-block-columns alignwide has-background-background-color has-background is-layout-flex wp-container-core-columns-is-layout-33846fef wp-block-columns-is-layout-flex\" style=\"border-radius:1.5rem;padding-top:var(--wp--preset--spacing--50);padding-right:var(--wp--preset--spacing--50);padding-bottom:var(--wp--preset--spacing--50);padding-left:var(--wp--preset--spacing--50)\">\n<div class=\"wp-block-column is-layout-flow wp-block-column-is-layout-flow\">\n<h3 class=\"wp-block-heading has-text-align-center has-primary-color has-text-color has-x-large-font-size\">5<\/h3>\n\n\n\n<h3 class=\"wp-block-heading has-text-align-center has-medium-font-size\" style=\"margin-top:16px\">Vanliga fr\u00e5gor<\/h3>\n<\/div>\n\n\n\n<div class=\"wp-block-column is-layout-flow wp-block-column-is-layout-flow\">\n<h3 class=\"wp-block-heading has-text-align-center has-primary-color has-text-color has-x-large-font-size\">10<\/h3>\n\n\n\n<h3 class=\"wp-block-heading has-text-align-center has-medium-font-size\" style=\"margin-top:16px\">Byggs\u00e4kerhet<\/h3>\n<\/div>\n\n\n\n<div class=\"wp-block-column is-layout-flow wp-block-column-is-layout-flow\">\n<h3 class=\"wp-block-heading has-text-align-center has-primary-color has-text-color has-x-large-font-size\">15<\/h3>\n\n\n\n<h3 class=\"wp-block-heading has-text-align-center has-medium-font-size\" style=\"margin-top:16px\">Els\u00e4kerhetstj\u00e4nster<\/h3>\n<\/div>\n<\/div>\n<\/div>\n\n<div class=\"wp-block-group alignfull has-background-background-color has-background has-global-padding is-layout-constrained wp-container-core-group-is-layout-7276a2bb wp-block-group-is-layout-constrained\" style=\"margin-top:0;margin-bottom:0;padding-top:var(--wp--preset--spacing--60);padding-right:var(--wp--preset--spacing--30);padding-bottom:var(--wp--preset--spacing--60);padding-left:var(--wp--preset--spacing--30)\">\n<div class=\"wp-block-group alignwide has-tertiary-background-color has-background is-content-justification-space-between is-layout-flex wp-container-core-group-is-layout-4be20cc5 wp-block-group-is-layout-flex\" style=\"border-radius:1rem;padding-top:var(--wp--preset--spacing--50);padding-right:var(--wp--preset--spacing--50);padding-bottom:var(--wp--preset--spacing--50);padding-left:var(--wp--preset--spacing--50)\">\n<div class=\"wp-block-group has-global-padding is-layout-constrained wp-block-group-is-layout-constrained\">\n<h2 class=\"wp-block-heading has-large-font-size\">Expertst\u00f6d f\u00f6r s\u00e4kerhet p\u00e5 byggarbetsplatsen<\/h2>\n\n\n\n<p style=\"margin-top:16px\">F\u00e5 insikter och r\u00e5dgivning f\u00f6r att f\u00f6rb\u00e4ttra byggarbetsmilj\u00f6n och els\u00e4kerheten idag.<\/p>\n<\/div>\n\n\n\n<div class=\"wp-block-buttons is-content-justification-left is-layout-flex wp-container-core-buttons-is-layout-82056a45 wp-block-buttons-is-layout-flex\">\n<div class=\"wp-block-button\"><a class=\"wp-block-button__link wp-element-button\" href=\"https:\/\/www.bamcoach.se\/tjanster\">L\u00e4s mer<\/a><\/div>\n<\/div>\n<\/div>\n<\/div>\n","protected":false},"excerpt":{"rendered":"<p>Trygg els\u00e4kerhet f\u00f6r byggsektorns utmaningar H\u00e4r besvarar vi vanliga fr\u00e5gor f\u00f6r att underl\u00e4tta f\u00f6r dig som arbetar med byggarbetsmilj\u00f6 och els\u00e4kerhet. Vilka tj\u00e4nster erbjuder BAM Coach inom byggarbetsmilj\u00f6? Vi erbjuder expertst\u00f6d och r\u00e5dgivning f\u00f6r att s\u00e4kerst\u00e4lla en s\u00e4ker och laglig arbetsmilj\u00f6 p\u00e5 byggplatsen. Hur kan BAM Coach hj\u00e4lpa till med els\u00e4kerheten p\u00e5 byggprojekt? Vi hj\u00e4lper [&hellip;]<\/p>\n","protected":false},"author":2,"featured_media":0,"parent":0,"menu_order":0,"comment_status":"closed","ping_status":"closed","template":"page-with-title","meta":{"footnotes":""},"class_list":["post-26","page","type-page","status-publish","hentry"],"aioseo_notices":[],"_links":{"self":[{"href":"https:\/\/bamcoach.se\/sv\/wp-json\/wp\/v2\/pages\/26","targetHints":{"allow":["GET"]}}],"collection":[{"href":"https:\/\/bamcoach.se\/sv\/wp-json\/wp\/v2\/pages"}],"about":[{"href":"https:\/\/bamcoach.se\/sv\/wp-json\/wp\/v2\/types\/page"}],"author":[{"embeddable":true,"href":"https:\/\/bamcoach.se\/sv\/wp-json\/wp\/v2\/users\/2"}],"replies":[{"embeddable":true,"href":"https:\/\/bamcoach.se\/sv\/wp-json\/wp\/v2\/comments?post=26"}],"version-history":[{"count":1,"href":"https:\/\/bamcoach.se\/sv\/wp-json\/wp\/v2\/pages\/26\/revisions"}],"predecessor-version":[{"id":32,"href":"https:\/\/bamcoach.se\/sv\/wp-json\/wp\/v2\/pages\/26\/revisions\/32"}],"wp:attachment":[{"href":"https:\/\/bamcoach.se\/sv\/wp-json\/wp\/v2\/media?parent=26"}],"curies":[{"name":"wp","href":"https:\/\/api.w.org\/{rel}","templated":true}]}}