{"id":28,"date":"2025-09-02T09:35:34","date_gmt":"2025-09-02T07:35:34","guid":{"rendered":"https:\/\/www.bamcoach.se\/portfolj\/"},"modified":"2025-10-23T22:05:39","modified_gmt":"2025-10-23T20:05:39","slug":"portfolj","status":"publish","type":"page","link":"https:\/\/bamcoach.se\/sv\/portfolj\/","title":{"rendered":"Portf\u00f6lj"},"content":{"rendered":"\n<div class=\"wp-block-group alignfull has-background-background-color has-background has-global-padding is-layout-constrained wp-container-core-group-is-layout-7276a2bb wp-block-group-is-layout-constrained\" id=\"om\" style=\"margin-top:0;margin-bottom:0;padding-top:var(--wp--preset--spacing--60);padding-right:var(--wp--preset--spacing--30);padding-bottom:var(--wp--preset--spacing--60);padding-left:var(--wp--preset--spacing--30)\">\n<div class=\"wp-block-columns alignwide is-layout-flex wp-container-core-columns-is-layout-47c06fe3 wp-block-columns-is-layout-flex\">\n<div class=\"wp-block-column is-layout-flow wp-container-core-column-is-layout-119bc444 wp-block-column-is-layout-flow\" style=\"flex-basis:60%\">\n<h2 class=\"wp-block-heading\">Specialiserad r\u00e5dgivning f\u00f6r byggarbetsmilj\u00f6 och els\u00e4kerhet<\/h2>\n\n\n\n<p class=\"has-medium-font-size\" style=\"margin-top:16px\">H\u00e4r presenteras BAM Coachs fokus p\u00e5 att st\u00f6dja byggherrar med s\u00e4kerhetsl\u00f6sningar som fr\u00e4mjar en trygg och effektiv byggprocess.<\/p>\n\n\n\n<div class=\"wp-block-buttons is-content-justification-left is-layout-flex wp-container-core-buttons-is-layout-fc4fd283 wp-block-buttons-is-layout-flex\">\n<div class=\"wp-block-button is-style-outline is-style-outline--1\"><a class=\"wp-block-button__link wp-element-button\" href=\"https:\/\/www.bamcoach.se\/om\">Uppt\u00e4ck mer<\/a><\/div>\n<\/div>\n<\/div>\n\n\n\n<div class=\"wp-block-column is-vertically-aligned-top is-layout-flow wp-container-core-column-is-layout-f5bb311e wp-block-column-is-layout-flow\" style=\"flex-basis:50%\">\n<figure class=\"wp-block-image has-custom-border\"><img loading=\"lazy\" decoding=\"async\" width=\"1080\" height=\"1440\" class=\"wp-image-74\" src=\"https:\/\/bamcoach.se\/wp-content\/uploads\/2025\/10\/f10e3986a99ea1c719e03c3b40ab2510781575f3.jpg\" alt=\"\" style=\"border-radius:1.5rem;aspect-ratio:1;object-fit:cover\" srcset=\"https:\/\/bamcoach.se\/wp-content\/uploads\/2025\/10\/f10e3986a99ea1c719e03c3b40ab2510781575f3.jpg 1080w, https:\/\/bamcoach.se\/wp-content\/uploads\/2025\/10\/f10e3986a99ea1c719e03c3b40ab2510781575f3-225x300.jpg 225w, https:\/\/bamcoach.se\/wp-content\/uploads\/2025\/10\/f10e3986a99ea1c719e03c3b40ab2510781575f3-768x1024.jpg 768w, https:\/\/bamcoach.se\/wp-content\/uploads\/2025\/10\/f10e3986a99ea1c719e03c3b40ab2510781575f3-9x12.jpg 9w\" sizes=\"auto, (max-width: 1080px) 100vw, 1080px\" \/><\/figure>\n<\/div>\n<\/div>\n<\/div>\n\n<div class=\"wp-block-group alignfull has-tertiary-background-color has-background has-global-padding is-layout-constrained wp-container-core-group-is-layout-7276a2bb wp-block-group-is-layout-constrained\" id=\"portfolj\" style=\"margin-top:0;margin-bottom:0;padding-top:var(--wp--preset--spacing--60);padding-right:var(--wp--preset--spacing--30);padding-bottom:var(--wp--preset--spacing--60);padding-left:var(--wp--preset--spacing--30)\">\n<div class=\"wp-block-group alignwide is-vertical is-layout-flex wp-container-core-group-is-layout-fe9cc265 wp-block-group-is-layout-flex\">\n<div class=\"wp-block-group alignwide has-global-padding is-content-justification-left is-layout-constrained wp-container-core-group-is-layout-8b4c372c wp-block-group-is-layout-constrained\">\n<h3 class=\"wp-block-heading\">Expertst\u00f6d inom els\u00e4kerhet f\u00f6r byggsektorn<\/h3>\n\n\n\n<p style=\"margin-top:16px\">H\u00e4r presenterar vi framst\u00e5ende projekt som speglar v\u00e5r kompetens och det merv\u00e4rde vi tillf\u00f6r inom byggarbetsmilj\u00f6 och els\u00e4kerhet.<\/p>\n<\/div>\n<\/div>\n\n\n\n<div class=\"wp-block-columns alignwide is-layout-flex wp-container-core-columns-is-layout-e5e9f4b6 wp-block-columns-is-layout-flex\" style=\"margin-top:var(--wp--preset--spacing--50)\">\n<div class=\"wp-block-column is-layout-flow wp-block-column-is-layout-flow\">\n<div class=\"wp-block-group has-background-background-color has-background has-global-padding is-layout-constrained wp-container-core-group-is-layout-d159ac24 wp-block-group-is-layout-constrained\" style=\"border-radius:1.5rem;padding-top:var(--wp--preset--spacing--30);padding-right:1.5rem;padding-bottom:var(--wp--preset--spacing--30);padding-left:1.5rem\">\n<h4 class=\"wp-block-heading has-small-font-size\" style=\"font-style:normal;font-weight:400;text-transform:none\">Byggarbetsmilj\u00f6optimering<\/h4>\n\n\n\n<h2 class=\"wp-block-heading\" style=\"margin-top:8px;margin-bottom:var(--wp--preset--spacing--30);font-size:clamp(0.984rem, 0.984rem + ((1vw - 0.2rem) * 0.86), 1.5rem);\">Optimering av arbetsplatss\u00e4kerhet<\/h2>\n\n\n\n<figure data-wp-context=\"{&quot;imageId&quot;:&quot;69f45e84b24a6&quot;}\" data-wp-interactive=\"core\/image\" data-wp-key=\"69f45e84b24a6\" class=\"wp-block-image has-custom-border wp-lightbox-container\"><img loading=\"lazy\" decoding=\"async\" width=\"1440\" height=\"876\" data-wp-class--hide=\"state.isContentHidden\" data-wp-class--show=\"state.isContentVisible\" data-wp-init=\"callbacks.setButtonStyles\" data-wp-on--click=\"actions.showLightbox\" data-wp-on--load=\"callbacks.setButtonStyles\" data-wp-on-window--resize=\"callbacks.setButtonStyles\" class=\"wp-image-62\" src=\"https:\/\/bamcoach.se\/wp-content\/uploads\/2025\/10\/a63da1a8f08a671088ae7a95229d47bc922502db.jpg\" alt=\"\" style=\"border-radius:1.5rem;aspect-ratio:1;object-fit:cover\" srcset=\"https:\/\/bamcoach.se\/wp-content\/uploads\/2025\/10\/a63da1a8f08a671088ae7a95229d47bc922502db.jpg 1440w, https:\/\/bamcoach.se\/wp-content\/uploads\/2025\/10\/a63da1a8f08a671088ae7a95229d47bc922502db-300x183.jpg 300w, https:\/\/bamcoach.se\/wp-content\/uploads\/2025\/10\/a63da1a8f08a671088ae7a95229d47bc922502db-1024x623.jpg 1024w, https:\/\/bamcoach.se\/wp-content\/uploads\/2025\/10\/a63da1a8f08a671088ae7a95229d47bc922502db-768x467.jpg 768w, https:\/\/bamcoach.se\/wp-content\/uploads\/2025\/10\/a63da1a8f08a671088ae7a95229d47bc922502db-18x12.jpg 18w\" sizes=\"auto, (max-width: 1440px) 100vw, 1440px\" \/><button\n\t\t\tclass=\"lightbox-trigger\"\n\t\t\ttype=\"button\"\n\t\t\taria-haspopup=\"dialog\"\n\t\t\taria-label=\"F\u00f6rstora\"\n\t\t\tdata-wp-init=\"callbacks.initTriggerButton\"\n\t\t\tdata-wp-on--click=\"actions.showLightbox\"\n\t\t\tdata-wp-style--right=\"state.imageButtonRight\"\n\t\t\tdata-wp-style--top=\"state.imageButtonTop\"\n\t\t>\n\t\t\t<svg xmlns=\"http:\/\/www.w3.org\/2000\/svg\" width=\"12\" height=\"12\" fill=\"none\" viewBox=\"0 0 12 12\">\n\t\t\t\t<path fill=\"#fff\" d=\"M2 0a2 2 0 0 0-2 2v2h1.5V2a.5.5 0 0 1 .5-.5h2V0H2Zm2 10.5H2a.5.5 0 0 1-.5-.5V8H0v2a2 2 0 0 0 2 2h2v-1.5ZM8 12v-1.5h2a.5.5 0 0 0 .5-.5V8H12v2a2 2 0 0 1-2 2H8Zm2-12a2 2 0 0 1 2 2v2h-1.5V2a.5.5 0 0 0-.5-.5H8V0h2Z\" \/>\n\t\t\t<\/svg>\n\t\t<\/button><\/figure>\n<\/div>\n<\/div>\n\n\n\n<div class=\"wp-block-column is-layout-flow wp-block-column-is-layout-flow\">\n<div class=\"wp-block-group has-background-background-color has-background has-global-padding is-layout-constrained wp-container-core-group-is-layout-d159ac24 wp-block-group-is-layout-constrained\" style=\"border-radius:1.5rem;padding-top:var(--wp--preset--spacing--30);padding-right:1.5rem;padding-bottom:var(--wp--preset--spacing--30);padding-left:1.5rem\">\n<h4 class=\"wp-block-heading has-small-font-size\" style=\"font-style:normal;font-weight:400;text-transform:none\">Els\u00e4kerhetsinspektioner<\/h4>\n\n\n\n<h2 class=\"wp-block-heading\" style=\"margin-top:8px;margin-bottom:var(--wp--preset--spacing--30);font-size:clamp(0.984rem, 0.984rem + ((1vw - 0.2rem) * 0.86), 1.5rem);\">Omfattande els\u00e4kerhetskontroller<\/h2>\n\n\n\n<figure data-wp-context=\"{&quot;imageId&quot;:&quot;69f45e84b2ac0&quot;}\" data-wp-interactive=\"core\/image\" data-wp-key=\"69f45e84b2ac0\" class=\"wp-block-image has-custom-border wp-lightbox-container\"><img loading=\"lazy\" decoding=\"async\" width=\"1440\" height=\"960\" data-wp-class--hide=\"state.isContentHidden\" data-wp-class--show=\"state.isContentVisible\" data-wp-init=\"callbacks.setButtonStyles\" data-wp-on--click=\"actions.showLightbox\" data-wp-on--load=\"callbacks.setButtonStyles\" data-wp-on-window--resize=\"callbacks.setButtonStyles\" class=\"wp-image-76\" src=\"https:\/\/bamcoach.se\/wp-content\/uploads\/2025\/10\/3c592a5c80b769e4fe11a885db95e774650b80d5.jpg\" alt=\"\" style=\"border-radius:1.5rem;aspect-ratio:1;object-fit:cover\" srcset=\"https:\/\/bamcoach.se\/wp-content\/uploads\/2025\/10\/3c592a5c80b769e4fe11a885db95e774650b80d5.jpg 1440w, https:\/\/bamcoach.se\/wp-content\/uploads\/2025\/10\/3c592a5c80b769e4fe11a885db95e774650b80d5-300x200.jpg 300w, https:\/\/bamcoach.se\/wp-content\/uploads\/2025\/10\/3c592a5c80b769e4fe11a885db95e774650b80d5-1024x683.jpg 1024w, https:\/\/bamcoach.se\/wp-content\/uploads\/2025\/10\/3c592a5c80b769e4fe11a885db95e774650b80d5-768x512.jpg 768w, https:\/\/bamcoach.se\/wp-content\/uploads\/2025\/10\/3c592a5c80b769e4fe11a885db95e774650b80d5-18x12.jpg 18w\" sizes=\"auto, (max-width: 1440px) 100vw, 1440px\" \/><button\n\t\t\tclass=\"lightbox-trigger\"\n\t\t\ttype=\"button\"\n\t\t\taria-haspopup=\"dialog\"\n\t\t\taria-label=\"F\u00f6rstora\"\n\t\t\tdata-wp-init=\"callbacks.initTriggerButton\"\n\t\t\tdata-wp-on--click=\"actions.showLightbox\"\n\t\t\tdata-wp-style--right=\"state.imageButtonRight\"\n\t\t\tdata-wp-style--top=\"state.imageButtonTop\"\n\t\t>\n\t\t\t<svg xmlns=\"http:\/\/www.w3.org\/2000\/svg\" width=\"12\" height=\"12\" fill=\"none\" viewBox=\"0 0 12 12\">\n\t\t\t\t<path fill=\"#fff\" d=\"M2 0a2 2 0 0 0-2 2v2h1.5V2a.5.5 0 0 1 .5-.5h2V0H2Zm2 10.5H2a.5.5 0 0 1-.5-.5V8H0v2a2 2 0 0 0 2 2h2v-1.5ZM8 12v-1.5h2a.5.5 0 0 0 .5-.5V8H12v2a2 2 0 0 1-2 2H8Zm2-12a2 2 0 0 1 2 2v2h-1.5V2a.5.5 0 0 0-.5-.5H8V0h2Z\" \/>\n\t\t\t<\/svg>\n\t\t<\/button><\/figure>\n<\/div>\n<\/div>\n\n\n\n<div class=\"wp-block-column is-layout-flow wp-block-column-is-layout-flow\">\n<div class=\"wp-block-group has-background-background-color has-background has-global-padding is-layout-constrained wp-container-core-group-is-layout-d159ac24 wp-block-group-is-layout-constrained\" style=\"border-radius:1.5rem;padding-top:var(--wp--preset--spacing--30);padding-right:1.5rem;padding-bottom:var(--wp--preset--spacing--30);padding-left:1.5rem\">\n<h4 class=\"wp-block-heading has-small-font-size\" style=\"font-style:normal;font-weight:400;text-transform:none\">Riskbed\u00f6mning och r\u00e5dgivning<\/h4>\n\n\n\n<h2 class=\"wp-block-heading\" style=\"margin-top:8px;margin-bottom:var(--wp--preset--spacing--30);font-size:clamp(0.984rem, 0.984rem + ((1vw - 0.2rem) * 0.86), 1.5rem);\">Skr\u00e4ddarsydda s\u00e4kerhetsl\u00f6sningar<\/h2>\n\n\n\n<figure data-wp-context=\"{&quot;imageId&quot;:&quot;69f45e84b2dea&quot;}\" data-wp-interactive=\"core\/image\" data-wp-key=\"69f45e84b2dea\" class=\"wp-block-image has-custom-border wp-lightbox-container\"><img loading=\"lazy\" decoding=\"async\" width=\"1440\" height=\"876\" data-wp-class--hide=\"state.isContentHidden\" data-wp-class--show=\"state.isContentVisible\" data-wp-init=\"callbacks.setButtonStyles\" data-wp-on--click=\"actions.showLightbox\" data-wp-on--load=\"callbacks.setButtonStyles\" data-wp-on-window--resize=\"callbacks.setButtonStyles\" class=\"wp-image-62\" src=\"https:\/\/bamcoach.se\/wp-content\/uploads\/2025\/10\/a63da1a8f08a671088ae7a95229d47bc922502db.jpg\" alt=\"\" style=\"border-radius:1.5rem;aspect-ratio:1;object-fit:cover\" srcset=\"https:\/\/bamcoach.se\/wp-content\/uploads\/2025\/10\/a63da1a8f08a671088ae7a95229d47bc922502db.jpg 1440w, https:\/\/bamcoach.se\/wp-content\/uploads\/2025\/10\/a63da1a8f08a671088ae7a95229d47bc922502db-300x183.jpg 300w, https:\/\/bamcoach.se\/wp-content\/uploads\/2025\/10\/a63da1a8f08a671088ae7a95229d47bc922502db-1024x623.jpg 1024w, https:\/\/bamcoach.se\/wp-content\/uploads\/2025\/10\/a63da1a8f08a671088ae7a95229d47bc922502db-768x467.jpg 768w, https:\/\/bamcoach.se\/wp-content\/uploads\/2025\/10\/a63da1a8f08a671088ae7a95229d47bc922502db-18x12.jpg 18w\" sizes=\"auto, (max-width: 1440px) 100vw, 1440px\" \/><button\n\t\t\tclass=\"lightbox-trigger\"\n\t\t\ttype=\"button\"\n\t\t\taria-haspopup=\"dialog\"\n\t\t\taria-label=\"F\u00f6rstora\"\n\t\t\tdata-wp-init=\"callbacks.initTriggerButton\"\n\t\t\tdata-wp-on--click=\"actions.showLightbox\"\n\t\t\tdata-wp-style--right=\"state.imageButtonRight\"\n\t\t\tdata-wp-style--top=\"state.imageButtonTop\"\n\t\t>\n\t\t\t<svg xmlns=\"http:\/\/www.w3.org\/2000\/svg\" width=\"12\" height=\"12\" fill=\"none\" viewBox=\"0 0 12 12\">\n\t\t\t\t<path fill=\"#fff\" d=\"M2 0a2 2 0 0 0-2 2v2h1.5V2a.5.5 0 0 1 .5-.5h2V0H2Zm2 10.5H2a.5.5 0 0 1-.5-.5V8H0v2a2 2 0 0 0 2 2h2v-1.5ZM8 12v-1.5h2a.5.5 0 0 0 .5-.5V8H12v2a2 2 0 0 1-2 2H8Zm2-12a2 2 0 0 1 2 2v2h-1.5V2a.5.5 0 0 0-.5-.5H8V0h2Z\" \/>\n\t\t\t<\/svg>\n\t\t<\/button><\/figure>\n<\/div>\n<\/div>\n<\/div>\n<\/div>\n\n<div class=\"wp-block-group alignfull has-background-background-color has-background has-global-padding is-layout-constrained wp-container-core-group-is-layout-fb85e995 wp-block-group-is-layout-constrained\" style=\"margin-top:0;margin-bottom:0;padding-top:var(--wp--preset--spacing--60);padding-right:var(--wp--preset--spacing--30);padding-bottom:var(--wp--preset--spacing--60);padding-left:var(--wp--preset--spacing--30)\">\n<div class=\"wp-block-group alignwide has-global-padding is-content-justification-center is-layout-constrained wp-block-group-is-layout-constrained\">\n<h2 class=\"wp-block-heading has-text-align-center has-large-font-size\">Verkliga ber\u00e4ttelser fr\u00e5n v\u00e5ra kunder inom byggarbetsmilj\u00f6 och els\u00e4kerhet<\/h2>\n\n\n\n<p class=\"has-text-align-center\" style=\"margin-top:16px\">H\u00e4r g\u00e5r vi igenom processen steg f\u00f6r steg f\u00f6r att hj\u00e4lpa dig som byggherre eller ansvarig att anv\u00e4nda v\u00e5ra tj\u00e4nster p\u00e5 b\u00e4sta s\u00e4tt.<\/p>\n<\/div>\n\n\n\n<div class=\"wp-block-buttons is-content-justification-center is-layout-flex wp-container-core-buttons-is-layout-d62ed776 wp-block-buttons-is-layout-flex\" style=\"margin-top:var(--wp--preset--spacing--40);margin-bottom:var(--wp--preset--spacing--50)\">\n<div class=\"wp-block-button is-style-fill\"><a class=\"wp-block-button__link wp-element-button\" href=\"https:\/\/www.bamcoach.se\/kontakt\">L\u00e4s mer<\/a><\/div>\n<\/div>\n\n\n\n<div class=\"wp-block-columns alignwide is-layout-flex wp-container-core-columns-is-layout-28f84493 wp-block-columns-is-layout-flex\">\n<div class=\"wp-block-column is-vertically-aligned-stretch is-layout-flow wp-container-core-column-is-layout-8a368f38 wp-block-column-is-layout-flow\" style=\"flex-basis:40%\">\n<div class=\"wp-block-group has-tertiary-background-color has-background has-global-padding is-layout-constrained wp-container-core-group-is-layout-9a12f125 wp-block-group-is-layout-constrained\" style=\"border-radius:1rem;min-height:100%;padding-top:1.5rem;padding-right:1.5rem;padding-bottom:1.5rem;padding-left:1.5rem\">\n<figure class=\"wp-block-image has-custom-border\"><img loading=\"lazy\" decoding=\"async\" width=\"1280\" height=\"1707\" class=\"wp-image-65\" src=\"https:\/\/bamcoach.se\/wp-content\/uploads\/2025\/10\/00a80d8f58320f33d0acf9eccb9d9599ae7bea98.jpg\" alt=\"\" style=\"border-radius:1rem;aspect-ratio:4\/3;object-fit:cover\" srcset=\"https:\/\/bamcoach.se\/wp-content\/uploads\/2025\/10\/00a80d8f58320f33d0acf9eccb9d9599ae7bea98.jpg 1280w, https:\/\/bamcoach.se\/wp-content\/uploads\/2025\/10\/00a80d8f58320f33d0acf9eccb9d9599ae7bea98-225x300.jpg 225w, https:\/\/bamcoach.se\/wp-content\/uploads\/2025\/10\/00a80d8f58320f33d0acf9eccb9d9599ae7bea98-768x1024.jpg 768w, https:\/\/bamcoach.se\/wp-content\/uploads\/2025\/10\/00a80d8f58320f33d0acf9eccb9d9599ae7bea98-1152x1536.jpg 1152w, https:\/\/bamcoach.se\/wp-content\/uploads\/2025\/10\/00a80d8f58320f33d0acf9eccb9d9599ae7bea98-9x12.jpg 9w\" sizes=\"auto, (max-width: 1280px) 100vw, 1280px\" \/><\/figure>\n\n\n\n<div class=\"wp-block-group has-tertiary-background-color has-background has-global-padding is-content-justification-center is-layout-constrained wp-block-group-is-layout-constrained\">\n<h3 class=\"wp-block-heading\" style=\"font-size:clamp(1.188rem, 1.188rem + ((1vw - 0.2rem) * 1.153), 1.88rem);\">Hur ett byggprojekt f\u00f6rb\u00e4ttrade s\u00e4kerheten och arbetsmilj\u00f6n<\/h3>\n\n\n\n<p style=\"margin-top:16px\">Denna fallstudie visar hur en byggherre l\u00f6ste kritiska arbetsmilj\u00f6utmaningar med v\u00e5r expertis, vilket \u00f6kade b\u00e5de s\u00e4kerhet och projektets effektivitet.<\/p>\n<\/div>\n<\/div>\n<\/div>\n\n\n\n<div class=\"wp-block-column is-vertically-aligned-stretch is-layout-flow wp-container-core-column-is-layout-8a368f38 wp-block-column-is-layout-flow\" style=\"flex-basis:40%\">\n<div class=\"wp-block-group has-tertiary-background-color has-background has-global-padding is-layout-constrained wp-container-core-group-is-layout-9a12f125 wp-block-group-is-layout-constrained\" style=\"border-radius:1rem;min-height:100%;padding-top:1.5rem;padding-right:1.5rem;padding-bottom:1.5rem;padding-left:1.5rem\">\n<figure class=\"wp-block-image has-custom-border\"><img loading=\"lazy\" decoding=\"async\" width=\"1280\" height=\"1828\" class=\"wp-image-77\" src=\"https:\/\/bamcoach.se\/wp-content\/uploads\/2025\/10\/2b783ce0fcce64ff67550eff598174e761599f21.jpg\" alt=\"\" style=\"border-radius:1rem;aspect-ratio:4\/3;object-fit:cover\" srcset=\"https:\/\/bamcoach.se\/wp-content\/uploads\/2025\/10\/2b783ce0fcce64ff67550eff598174e761599f21.jpg 1280w, https:\/\/bamcoach.se\/wp-content\/uploads\/2025\/10\/2b783ce0fcce64ff67550eff598174e761599f21-210x300.jpg 210w, https:\/\/bamcoach.se\/wp-content\/uploads\/2025\/10\/2b783ce0fcce64ff67550eff598174e761599f21-717x1024.jpg 717w, https:\/\/bamcoach.se\/wp-content\/uploads\/2025\/10\/2b783ce0fcce64ff67550eff598174e761599f21-768x1097.jpg 768w, https:\/\/bamcoach.se\/wp-content\/uploads\/2025\/10\/2b783ce0fcce64ff67550eff598174e761599f21-1076x1536.jpg 1076w, https:\/\/bamcoach.se\/wp-content\/uploads\/2025\/10\/2b783ce0fcce64ff67550eff598174e761599f21-8x12.jpg 8w\" sizes=\"auto, (max-width: 1280px) 100vw, 1280px\" \/><\/figure>\n\n\n\n<div class=\"wp-block-group has-tertiary-background-color has-background has-global-padding is-content-justification-center is-layout-constrained wp-block-group-is-layout-constrained\">\n<h3 class=\"wp-block-heading\" style=\"font-size:clamp(1.188rem, 1.188rem + ((1vw - 0.2rem) * 1.153), 1.88rem);\">F\u00f6rb\u00e4ttra byggarbetsmilj\u00f6n med r\u00e4tt expertst\u00f6d.<\/h3>\n\n\n\n<p style=\"margin-top:16px\">H\u00e4r beskrivs hur en kund anv\u00e4nde v\u00e5ra tj\u00e4nster f\u00f6r att h\u00f6ja els\u00e4kerheten, minska risker och optimera byggprocessen.<\/p>\n<\/div>\n<\/div>\n<\/div>\n\n\n\n<div class=\"wp-block-column is-vertically-aligned-stretch is-layout-flow wp-container-core-column-is-layout-8a368f38 wp-block-column-is-layout-flow\" style=\"flex-basis:40%\">\n<div class=\"wp-block-group has-tertiary-background-color has-background has-global-padding is-layout-constrained wp-container-core-group-is-layout-9a12f125 wp-block-group-is-layout-constrained\" style=\"border-radius:1rem;min-height:100%;padding-top:1.5rem;padding-right:1.5rem;padding-bottom:1.5rem;padding-left:1.5rem\">\n<figure class=\"wp-block-image has-custom-border\"><img loading=\"lazy\" decoding=\"async\" width=\"1280\" height=\"1920\" class=\"wp-image-78\" src=\"https:\/\/bamcoach.se\/wp-content\/uploads\/2025\/10\/36a54e0622f55fe74c283ea0fec349967e420444.jpg\" alt=\"\" style=\"border-radius:1rem;aspect-ratio:4\/3;object-fit:cover\" srcset=\"https:\/\/bamcoach.se\/wp-content\/uploads\/2025\/10\/36a54e0622f55fe74c283ea0fec349967e420444.jpg 1280w, https:\/\/bamcoach.se\/wp-content\/uploads\/2025\/10\/36a54e0622f55fe74c283ea0fec349967e420444-200x300.jpg 200w, https:\/\/bamcoach.se\/wp-content\/uploads\/2025\/10\/36a54e0622f55fe74c283ea0fec349967e420444-683x1024.jpg 683w, https:\/\/bamcoach.se\/wp-content\/uploads\/2025\/10\/36a54e0622f55fe74c283ea0fec349967e420444-768x1152.jpg 768w, https:\/\/bamcoach.se\/wp-content\/uploads\/2025\/10\/36a54e0622f55fe74c283ea0fec349967e420444-1024x1536.jpg 1024w, https:\/\/bamcoach.se\/wp-content\/uploads\/2025\/10\/36a54e0622f55fe74c283ea0fec349967e420444-8x12.jpg 8w\" sizes=\"auto, (max-width: 1280px) 100vw, 1280px\" \/><\/figure>\n\n\n\n<div class=\"wp-block-group has-tertiary-background-color has-background has-global-padding is-content-justification-center is-layout-constrained wp-block-group-is-layout-constrained\">\n<h3 class=\"wp-block-heading\" style=\"font-size:clamp(1.188rem, 1.188rem + ((1vw - 0.2rem) * 1.153), 1.88rem);\">S\u00e4kra h\u00e5llbar framg\u00e5ng med noggrant utvalda metoder.<\/h3>\n\n\n\n<p style=\"margin-top:16px\">Denna studie visar hur en byggakt\u00f6r \u00f6vervann s\u00e4kerhetsutmaningar och n\u00e5dde framg\u00e5ng genom strategisk r\u00e5dgivning.<\/p>\n<\/div>\n<\/div>\n<\/div>\n<\/div>\n<\/div>\n","protected":false},"excerpt":{"rendered":"<p>Specialiserad r\u00e5dgivning f\u00f6r byggarbetsmilj\u00f6 och els\u00e4kerhet H\u00e4r presenteras BAM Coachs fokus p\u00e5 att st\u00f6dja byggherrar med s\u00e4kerhetsl\u00f6sningar som fr\u00e4mjar en trygg och effektiv byggprocess. Expertst\u00f6d inom els\u00e4kerhet f\u00f6r byggsektorn H\u00e4r presenterar vi framst\u00e5ende projekt som speglar v\u00e5r kompetens och det merv\u00e4rde vi tillf\u00f6r inom byggarbetsmilj\u00f6 och els\u00e4kerhet. Byggarbetsmilj\u00f6optimering Optimering av arbetsplatss\u00e4kerhet Els\u00e4kerhetsinspektioner Omfattande els\u00e4kerhetskontroller Riskbed\u00f6mning [&hellip;]<\/p>\n","protected":false},"author":2,"featured_media":0,"parent":0,"menu_order":0,"comment_status":"closed","ping_status":"closed","template":"page-with-title","meta":{"footnotes":""},"class_list":["post-28","page","type-page","status-publish","hentry"],"aioseo_notices":[],"_links":{"self":[{"href":"https:\/\/bamcoach.se\/sv\/wp-json\/wp\/v2\/pages\/28","targetHints":{"allow":["GET"]}}],"collection":[{"href":"https:\/\/bamcoach.se\/sv\/wp-json\/wp\/v2\/pages"}],"about":[{"href":"https:\/\/bamcoach.se\/sv\/wp-json\/wp\/v2\/types\/page"}],"author":[{"embeddable":true,"href":"https:\/\/bamcoach.se\/sv\/wp-json\/wp\/v2\/users\/2"}],"replies":[{"embeddable":true,"href":"https:\/\/bamcoach.se\/sv\/wp-json\/wp\/v2\/comments?post=28"}],"version-history":[{"count":2,"href":"https:\/\/bamcoach.se\/sv\/wp-json\/wp\/v2\/pages\/28\/revisions"}],"predecessor-version":[{"id":79,"href":"https:\/\/bamcoach.se\/sv\/wp-json\/wp\/v2\/pages\/28\/revisions\/79"}],"wp:attachment":[{"href":"https:\/\/bamcoach.se\/sv\/wp-json\/wp\/v2\/media?parent=28"}],"curies":[{"name":"wp","href":"https:\/\/api.w.org\/{rel}","templated":true}]}}